{"id":7,"date":"2020-05-23T18:04:43","date_gmt":"2020-05-23T18:04:43","guid":{"rendered":"https:\/\/bdkl.gatomonodesign.com\/wordpress\/?page_id=7"},"modified":"2020-11-30T08:30:34","modified_gmt":"2020-11-30T08:30:34","slug":"ueber-uns","status":"publish","type":"page","link":"https:\/\/bdkl.gatomonodesign.com\/wordpress\/?page_id=7","title":{"rendered":"Impressum"},"content":{"rendered":"\n<p>Autor, Diensteanbieter gem\u00e4\u00df \u00a7 5 TMG sowie nach \u00a7 55 Abs. 2 RStV inhaltlich Verantwortlicher dieser Website:<\/p>\n\n\n\n<blockquote class=\"wp-block-quote\"><p><strong>Gato &amp; Mono Design OHG<\/strong><br>Catalina Giraldo V\u00e9lez &amp; Guido Naschert<br>Schlachthofstra\u00dfe 8 im Hof<br>D-99423 Weimar<\/p><p>E-Mail:\u00a0<a href=\"mailto:info@gatomonodesign.de\">info@gatomonodesign.de<\/a><br>Website: <a rel=\"noreferrer noopener\" href=\"https:\/\/www.gatomonodesign.de\" target=\"_blank\">www.gatomonodesign.de<\/a><\/p><\/blockquote>\n\n\n\n<hr class=\"wp-block-separator\"\/>\n\n\n\n<p><strong>Haftungsausschluss<\/strong><\/p>\n\n\n\n<p><strong>Inhalt des Onlineangebotes<\/strong><br>Die Gato &amp; Mono OHG Weimar \u00fcbernimmt keinerlei Gew\u00e4hr f\u00fcr die Aktualit\u00e4t, Korrektheit, Vollst\u00e4ndigkeit oder Qualit\u00e4t der bereitgestellten Informationen. Haftungsanspr\u00fcche gegen die Gato &amp; Mono OHG Weimar, welche sich auf Sch\u00e4den materieller oder ideeller Art beziehen, die durch die Nutzung oder Nichtnutzung der dargebotenen Informationen bzw. durch die Nutzung fehlerhafter und unvollst\u00e4ndiger Informationen verursacht wurden, sind grunds\u00e4tzlich ausgeschlossen, sofern seitens der Gato &amp; Mono OHG Weimar kein nachweislich vors\u00e4tzliches oder grob fahrl\u00e4ssiges Verschulden vorliegt. Die Gato &amp; Mono OHG&nbsp;Weimar beh\u00e4lt es sich ausdr\u00fccklich vor, Teile der Seiten oder das gesamte Angebot ohne gesonderte Ank\u00fcndigung zu ver\u00e4ndern, zu erg\u00e4nzen, zu l\u00f6schen oder die Ver\u00f6ffentlichung zeitweise oder endg\u00fcltig einzustellen.<\/p>\n\n\n\n<p><strong>Links und Verweise<\/strong><br>Bei direkten oder indirekten Verweisen auf fremde Internetseiten (&#8222;Links&#8220;), die au\u00dferhalb des Verantwortungsbereiches der Gato &amp; Mono OHG Weimar liegen, w\u00fcrde eine Haftungsverpflichtung ausschlie\u00dflich in dem Fall in Kraft treten, in dem die Gato &amp; Mono OHG Weimar von den Inhalten Kenntnis hat. Auf die aktuelle und zuk\u00fcnftige Gestaltung, die Inhalte oder die Urheberschaft der gelinkten\/verkn\u00fcpften Seiten hat die Gato &amp; Mono OHG Weimar keinerlei Einfluss. Deshalb distanziert sich die Gato &amp; Mono OHG Weimar hiermit ausdr\u00fccklich von allen Inhalten aller gelinkten\/verkn\u00fcpften Seiten, die nach der Linksetzung ver\u00e4ndert wurden. Diese Feststellung gilt f\u00fcr alle innerhalb des eigenen Internetangebotes gesetzten Links und Verweise sowie f\u00fcr Fremdeintr\u00e4ge. F\u00fcr illegale, fehlerhafte oder unvollst\u00e4ndige Inhalte und insbesondere f\u00fcr Sch\u00e4den, die aus der Nutzung oder Nichtnutzung solcherart dargebotener Informationen entstehen, haftet allein der Anbieter der Seite, auf welche verwiesen wurde, nicht derjenige, der \u00fcber Links auf die jeweilige Ver\u00f6ffentlichung lediglich verweist.<\/p>\n\n\n\n<p><strong>Urheber- und Kennzeichenrecht<\/strong><br>Die Gato &amp; Mono OHG Weimar ist bestrebt, in allen Publikationen die Urheberrechte der verwendeten Dokumente zu beachten, von ihr selbst erstellte Dokumente zu nutzen oder auf lizenzfreie Dokumente zur\u00fcckzugreifen. Alle innerhalb des Internetangebotes genannten und ggf. durch Dritte gesch\u00fctzten Marken- und Warenzeichen unterliegen uneingeschr\u00e4nkt den Bestimmungen des jeweils g\u00fcltigen Kennzeichenrechts und den Besitzrechten der jeweiligen eingetragenen Eigent\u00fcmer. Allein aufgrund der blo\u00dfen Nennung ist nicht der Schlu\u00df zu ziehen, dass Markenzeichen nicht durch Rechte Dritter gesch\u00fctzt sind! Das Copyright f\u00fcr ver\u00f6ffentlichte, von der Gato &amp; Mono OHG Weimar selbst erstellte Objekte bleibt allein beim Autor der Seiten. Eine Vervielf\u00e4ltigung oder Verwendung solcher Grafiken, Tondokumente, Videosequenzen und Texte in anderen elektronischen oder gedruckten Publikationen ist ohne ausdr\u00fcckliche Zustimmung von der Gato &amp; Mono OHG Weimar nicht gestattet.<\/p>\n\n\n\n<p><strong>Rechtswirksamkeit dieses Haftungsausschlusses<\/strong><br>Dieser Haftungsausschluss ist als Teil des Internetangebotes zu betrachten, von dem aus auf diese Seite verwiesen wurde. Sofern Teile oder einzelne Formulierungen dieses Textes der geltenden Rechtslage nicht, nicht mehr oder nicht vollst\u00e4ndig entsprechen sollten, bleiben die \u00fcbrigen Teile des Dokumentes in ihrem Inhalt und ihrer G\u00fcltigkeit davon unber\u00fchrt.<\/p>\n\n\n\n<p><strong>Datenschutz<\/strong><\/p>\n\n\n\n<p><strong>Erhebung personenbezogener Daten<\/strong><\/p>\n\n\n\n<p>Zur Benutzung dieser Website werden keine personenbezogenen Daten erhoben. Sofern Sie uns freiwillig personenbezogene Daten, z.B. im Rahmen einer Kontaktaufnahme jedweder Form, zukommen lassen, werden wir diese ausschlie\u00dflich zur Bearbeitung Ihres Anliegens nutzen und nicht an Dritte weiter geben oder zu gewerblichen Zwecken nutzen.<\/p>\n\n\n\n<p><strong>User Tracking &amp; Cookies<\/strong><\/p>\n\n\n\n<p>Auf dieser Webseite wird von uns kein Trackingtool verwendet, um statistische Informationen \u00fcber die Nutzer zu erhalten. Ebenso wenig sind Tools wie Google Analytics aktiviert. Wir versuchen, den Einsatz von Cookies weitestgehend zu vermeiden. Dar\u00fcber hinaus gelten die Nutzungsbedingungen von Portfoliobox Stockholm AB, Gustavslundsv\u00e4gen 151B, 167 51 Bromma, Stockholm, Schweden.<\/p>\n\n\n\n<p><strong>Ansprechpartner<\/strong><\/p>\n\n\n\n<p>Sollten Sie Fragen zum Datenschutz oder m\u00f6glicherweise von Ihnen gespeicherten personenbezogenen Daten haben, wenden Sie sich bitte via der im Impressum angegebenen Kontaktdaten an den&nbsp;Seitenverantwortlichen. Wir werden allen begr\u00fcndeten Auskunfts-, \u00c4nderungs-, \u00dcbertragbarkeits-, Einschr\u00e4nkungs-, Widerrufs- und L\u00f6schungsanspr\u00fcchen nachkommen.&nbsp;<\/p>\n\n\n\n<p>Vor Inanspruchnahme jeglicher Art, insbesondere in Form von Abmahnungen, bitten wir zur Vermeidung unn\u00f6tiger rechtlicher Auseinandersetzungen und den daraus entstehenden Kosten uns umgehend zu kontaktieren. Wir sagen hiermit bereits Abhilfe zu, so dass eine eventuelle Wiederholungsgefahr ausgeschlossen ist. Eine dennoch ergehende Kostennote einer anwaltlichen Abmahnung ohne vorherige Kontaktaufnahme w\u00fcrden wir wegen Nichtbeachtung der Schadensminderungspflicht zur\u00fcckweisen.<\/p>\n\n\n\n<p><\/p>\n","protected":false},"excerpt":{"rendered":"<p>Autor, Diensteanbieter gem\u00e4\u00df \u00a7 5 TMG sowie nach \u00a7 55 Abs. 2 RStV inhaltlich Verantwortlicher dieser Website: Gato &amp; Mono Design OHGCatalina Giraldo V\u00e9lez &amp; Guido NaschertSchlachthofstra\u00dfe 8 im HofD-99423 Weimar E-Mail:\u00a0info@gatomonodesign.deWebsite: www.gatomonodesign.de Haftungsausschluss Inhalt des OnlineangebotesDie Gato &amp; Mono OHG Weimar \u00fcbernimmt keinerlei Gew\u00e4hr&hellip; <a class=\"read-more\" href=\"https:\/\/bdkl.gatomonodesign.com\/wordpress\/?page_id=7\">Weiterlesen<\/a><\/p>\n","protected":false},"author":1,"featured_media":0,"parent":0,"menu_order":0,"comment_status":"closed","ping_status":"closed","template":"","meta":{"ngg_post_thumbnail":0,"spay_email":""},"_links":{"self":[{"href":"https:\/\/bdkl.gatomonodesign.com\/wordpress\/index.php?rest_route=\/wp\/v2\/pages\/7"}],"collection":[{"href":"https:\/\/bdkl.gatomonodesign.com\/wordpress\/index.php?rest_route=\/wp\/v2\/pages"}],"about":[{"href":"https:\/\/bdkl.gatomonodesign.com\/wordpress\/index.php?rest_route=\/wp\/v2\/types\/page"}],"author":[{"embeddable":true,"href":"https:\/\/bdkl.gatomonodesign.com\/wordpress\/index.php?rest_route=\/wp\/v2\/users\/1"}],"replies":[{"embeddable":true,"href":"https:\/\/bdkl.gatomonodesign.com\/wordpress\/index.php?rest_route=%2Fwp%2Fv2%2Fcomments&post=7"}],"version-history":[{"count":5,"href":"https:\/\/bdkl.gatomonodesign.com\/wordpress\/index.php?rest_route=\/wp\/v2\/pages\/7\/revisions"}],"predecessor-version":[{"id":209,"href":"https:\/\/bdkl.gatomonodesign.com\/wordpress\/index.php?rest_route=\/wp\/v2\/pages\/7\/revisions\/209"}],"wp:attachment":[{"href":"https:\/\/bdkl.gatomonodesign.com\/wordpress\/index.php?rest_route=%2Fwp%2Fv2%2Fmedia&parent=7"}],"curies":[{"name":"wp","href":"https:\/\/api.w.org\/{rel}","templated":true}]}}