{"id":89,"date":"2020-05-23T19:14:16","date_gmt":"2020-05-23T19:14:16","guid":{"rendered":"https:\/\/bdkl.gatomonodesign.com\/wordpress\/?page_id=89"},"modified":"2020-05-24T08:10:12","modified_gmt":"2020-05-24T08:10:12","slug":"fotogalerie","status":"publish","type":"page","link":"https:\/\/bdkl.gatomonodesign.com\/wordpress\/?page_id=89","title":{"rendered":"Abbildungen"},"content":{"rendered":"\n<!-- default-view.php -->\n<div\n\tclass=\"ngg-galleryoverview default-view \n\t\t\"\n\tid=\"ngg-gallery-e8c74c78ff65d556ae6adc975bffbfdf-1\">\n\n\t\t<!-- Thumbnails -->\n\t\t\t\t<div id=\"ngg-image-0\" class=\"ngg-gallery-thumbnail-box \n\t\t\t\t\t\t\t\t\t\t\t\" \n\t\t\t>\n\t\t\t\t\t\t<div class=\"ngg-gallery-thumbnail\">\n\t\t\t<a href=\"https:\/\/bdkl.gatomonodesign.com\/wordpress\/wp-content\/gallery\/fotogalerie-1\/Humboldt.png\"\n\t\t\t\ttitle=\"Inzwischen fast vergessen war die nat\u00fcrliche Br\u00fccke von Pandi im 19. und fr\u00fchen 20. Jahrhundert noch eine veritable Touristenattraktion.&#013;\nAlexander von Humboldts Beschreibung lockte viele seiner Nachfolger an den rauschenden Iconozo. In den1920er Jahren \u00fcberbaute man die gigantischen Felsenbrocken mit einer Autobr\u00fccke, wodurch die Anziehungskraft des Ortes nachlie\u00df.&#013;\nHeute ist die Br\u00fccke nur noch von regionaler Bedeutung und in keinem Kolumbien-Reisef\u00fchrer mehr zu finden.&#013;\n&#013;\nAus: Alexander von Humboldt: Pittoreske Ansichten der Cordilleren und Monumente americanischer V\u00f6lker. T\u00fcbingen 1810.\"\n\t\t\t\tdata-src=\"https:\/\/bdkl.gatomonodesign.com\/wordpress\/wp-content\/gallery\/fotogalerie-1\/Humboldt.png\"\n\t\t\t\tdata-thumbnail=\"https:\/\/bdkl.gatomonodesign.com\/wordpress\/wp-content\/gallery\/fotogalerie-1\/thumbs\/thumbs_Humboldt.png\"\n\t\t\t\tdata-image-id=\"5\"\n\t\t\t\tdata-title=\"Humboldt\"\n\t\t\t\tdata-description=\"Inzwischen fast vergessen war die nat\u00fcrliche Br\u00fccke von Pandi im 19. und fr\u00fchen 20. Jahrhundert noch eine veritable Touristenattraktion.&#013;\nAlexander von Humboldts Beschreibung lockte viele seiner Nachfolger an den rauschenden Iconozo. In den1920er Jahren \u00fcberbaute man die gigantischen Felsenbrocken mit einer Autobr\u00fccke, wodurch die Anziehungskraft des Ortes nachlie\u00df.&#013;\nHeute ist die Br\u00fccke nur noch von regionaler Bedeutung und in keinem Kolumbien-Reisef\u00fchrer mehr zu finden.&#013;\n&#013;\nAus: Alexander von Humboldt: Pittoreske Ansichten der Cordilleren und Monumente americanischer V\u00f6lker. T\u00fcbingen 1810.\"\n\t\t\t\tdata-image-slug=\"humboldt\"\n\t\t\t\tclass=\"ngg-simplelightbox\" rel=\"e8c74c78ff65d556ae6adc975bffbfdf\">\n\t\t\t\t<img\n\t\t\t\t\ttitle=\"Humboldt\"\n\t\t\t\t\talt=\"Humboldt\"\n\t\t\t\t\tsrc=\"https:\/\/bdkl.gatomonodesign.com\/wordpress\/wp-content\/gallery\/fotogalerie-1\/thumbs\/thumbs_Humboldt.png\"\n\t\t\t\t\twidth=\"240\"\n\t\t\t\t\theight=\"160\"\n\t\t\t\t\tstyle=\"max-width:100%;\"\n\t\t\t\t\/>\n\t\t\t<\/a>\n\t\t<\/div>\n\t\t\t\t\t\t\t<\/div> \n\t\t\t\n\t\t\t\t<div id=\"ngg-image-1\" class=\"ngg-gallery-thumbnail-box \n\t\t\t\t\t\t\t\t\t\t\t\" \n\t\t\t>\n\t\t\t\t\t\t<div class=\"ngg-gallery-thumbnail\">\n\t\t\t<a href=\"https:\/\/bdkl.gatomonodesign.com\/wordpress\/wp-content\/gallery\/fotogalerie-1\/Theresia-von-Bayern.png\"\n\t\t\t\ttitle=\"Aus: Therese, Prinzessin von Bayern: Reisestudien aus dem westlichen S\u00fcdamerika. 2 Bde. Berlin 1908, Bd. 1, S. 224.\"\n\t\t\t\tdata-src=\"https:\/\/bdkl.gatomonodesign.com\/wordpress\/wp-content\/gallery\/fotogalerie-1\/Theresia-von-Bayern.png\"\n\t\t\t\tdata-thumbnail=\"https:\/\/bdkl.gatomonodesign.com\/wordpress\/wp-content\/gallery\/fotogalerie-1\/thumbs\/thumbs_Theresia-von-Bayern.png\"\n\t\t\t\tdata-image-id=\"12\"\n\t\t\t\tdata-title=\"Theresia von Bayern\"\n\t\t\t\tdata-description=\"Aus: Therese, Prinzessin von Bayern: Reisestudien aus dem westlichen S\u00fcdamerika. 2 Bde. Berlin 1908, Bd. 1, S. 224.\"\n\t\t\t\tdata-image-slug=\"theresia-von-bayern\"\n\t\t\t\tclass=\"ngg-simplelightbox\" rel=\"e8c74c78ff65d556ae6adc975bffbfdf\">\n\t\t\t\t<img\n\t\t\t\t\ttitle=\"Theresia von Bayern\"\n\t\t\t\t\talt=\"Theresia von Bayern\"\n\t\t\t\t\tsrc=\"https:\/\/bdkl.gatomonodesign.com\/wordpress\/wp-content\/gallery\/fotogalerie-1\/thumbs\/thumbs_Theresia-von-Bayern.png\"\n\t\t\t\t\twidth=\"240\"\n\t\t\t\t\theight=\"160\"\n\t\t\t\t\tstyle=\"max-width:100%;\"\n\t\t\t\t\/>\n\t\t\t<\/a>\n\t\t<\/div>\n\t\t\t\t\t\t\t<\/div> \n\t\t\t\n\t\t\t\t<div id=\"ngg-image-2\" class=\"ngg-gallery-thumbnail-box \n\t\t\t\t\t\t\t\t\t\t\t\" \n\t\t\t>\n\t\t\t\t\t\t<div class=\"ngg-gallery-thumbnail\">\n\t\t\t<a href=\"https:\/\/bdkl.gatomonodesign.com\/wordpress\/wp-content\/gallery\/fotogalerie-1\/Theodor-Koch-Gruenberg-web.jpg\"\n\t\t\t\ttitle=\"Campamento de Navidad de Theodor Koch-Gr\u00fcnberg en el Amazonas \/ Weihnachtslager Theodor Koch-Gr\u00fcnbergs im Amazonasgebiet&#013;\n&#013;\nAus: Theodor Koch-Gr\u00fcnberg: Zwei Jahre bei den Indianern Nordwest-Brasiliens. Stuttgart 1921.\"\n\t\t\t\tdata-src=\"https:\/\/bdkl.gatomonodesign.com\/wordpress\/wp-content\/gallery\/fotogalerie-1\/Theodor-Koch-Gruenberg-web.jpg\"\n\t\t\t\tdata-thumbnail=\"https:\/\/bdkl.gatomonodesign.com\/wordpress\/wp-content\/gallery\/fotogalerie-1\/thumbs\/thumbs_Theodor-Koch-Gruenberg-web.jpg\"\n\t\t\t\tdata-image-id=\"2\"\n\t\t\t\tdata-title=\"Theodor Koch-Gr\u00fcnberg\"\n\t\t\t\tdata-description=\"Campamento de Navidad de Theodor Koch-Gr\u00fcnberg en el Amazonas \/ Weihnachtslager Theodor Koch-Gr\u00fcnbergs im Amazonasgebiet&#013;\n&#013;\nAus: Theodor Koch-Gr\u00fcnberg: Zwei Jahre bei den Indianern Nordwest-Brasiliens. Stuttgart 1921.\"\n\t\t\t\tdata-image-slug=\"theodor-koch-gruenberg-web\"\n\t\t\t\tclass=\"ngg-simplelightbox\" rel=\"e8c74c78ff65d556ae6adc975bffbfdf\">\n\t\t\t\t<img\n\t\t\t\t\ttitle=\"Theodor Koch-Gr\u00fcnberg\"\n\t\t\t\t\talt=\"Theodor Koch-Gr\u00fcnberg\"\n\t\t\t\t\tsrc=\"https:\/\/bdkl.gatomonodesign.com\/wordpress\/wp-content\/gallery\/fotogalerie-1\/thumbs\/thumbs_Theodor-Koch-Gruenberg-web.jpg\"\n\t\t\t\t\twidth=\"240\"\n\t\t\t\t\theight=\"160\"\n\t\t\t\t\tstyle=\"max-width:100%;\"\n\t\t\t\t\/>\n\t\t\t<\/a>\n\t\t<\/div>\n\t\t\t\t\t\t\t<\/div> \n\t\t\t\n\t\t\t\t<div id=\"ngg-image-3\" class=\"ngg-gallery-thumbnail-box \n\t\t\t\t\t\t\t\t\t\t\t\" \n\t\t\t>\n\t\t\t\t\t\t<div class=\"ngg-gallery-thumbnail\">\n\t\t\t<a href=\"https:\/\/bdkl.gatomonodesign.com\/wordpress\/wp-content\/gallery\/fotogalerie-1\/Scadta.jpg\"\n\t\t\t\ttitle=\"Sonntag, den 12. Dezember 1920: Der Erzbischof Kolumbiens Bernardo Herrera Restrepo h\u00e4lt eine Rede \u00fcber den Wert der Luftschifffahrt und tauft das am Tag zuvor gelandete Junkers F 13-Flugzeug \u00bbBOGOTA\u00ab. Die Piloten der Scadta waren Fritz Hammer und Wilhelm Schnurbusch. \u2013 Domingo, diciembre 12 de 1920: El Arzobispo de Colombia, Bernardo Herrera Restrepo, pronunci\u00f3 un discurso sobre el valor de la aeronavegaci\u00f3n. Despu\u00e9s bautiz\u00f3 el Junkers F 13-hidroavi\u00f3n \u00bbBogot\u00e1\u00ab, el primero que aterriz\u00f3 en el altiplano justo un d\u00eda antes. Los pilotos de la Scadta eran Fritz Hammer y Guillermo Schnurbusch.\"\n\t\t\t\tdata-src=\"https:\/\/bdkl.gatomonodesign.com\/wordpress\/wp-content\/gallery\/fotogalerie-1\/Scadta.jpg\"\n\t\t\t\tdata-thumbnail=\"https:\/\/bdkl.gatomonodesign.com\/wordpress\/wp-content\/gallery\/fotogalerie-1\/thumbs\/thumbs_Scadta.jpg\"\n\t\t\t\tdata-image-id=\"13\"\n\t\t\t\tdata-title=\"Erste Landungs eines Flugzeugs in Bogot\u00e1\"\n\t\t\t\tdata-description=\"Sonntag, den 12. Dezember 1920: Der Erzbischof Kolumbiens Bernardo Herrera Restrepo h\u00e4lt eine Rede \u00fcber den Wert der Luftschifffahrt und tauft das am Tag zuvor gelandete Junkers F 13-Flugzeug \u00bbBOGOTA\u00ab. Die Piloten der Scadta waren Fritz Hammer und Wilhelm Schnurbusch. \u2013 Domingo, diciembre 12 de 1920: El Arzobispo de Colombia, Bernardo Herrera Restrepo, pronunci\u00f3 un discurso sobre el valor de la aeronavegaci\u00f3n. Despu\u00e9s bautiz\u00f3 el Junkers F 13-hidroavi\u00f3n \u00bbBogot\u00e1\u00ab, el primero que aterriz\u00f3 en el altiplano justo un d\u00eda antes. Los pilotos de la Scadta eran Fritz Hammer y Guillermo Schnurbusch.\"\n\t\t\t\tdata-image-slug=\"scadta\"\n\t\t\t\tclass=\"ngg-simplelightbox\" rel=\"e8c74c78ff65d556ae6adc975bffbfdf\">\n\t\t\t\t<img\n\t\t\t\t\ttitle=\"Erste Landungs eines Flugzeugs in Bogot\u00e1\"\n\t\t\t\t\talt=\"Erste Landungs eines Flugzeugs in Bogot\u00e1\"\n\t\t\t\t\tsrc=\"https:\/\/bdkl.gatomonodesign.com\/wordpress\/wp-content\/gallery\/fotogalerie-1\/thumbs\/thumbs_Scadta.jpg\"\n\t\t\t\t\twidth=\"240\"\n\t\t\t\t\theight=\"160\"\n\t\t\t\t\tstyle=\"max-width:100%;\"\n\t\t\t\t\/>\n\t\t\t<\/a>\n\t\t<\/div>\n\t\t\t\t\t\t\t<\/div> \n\t\t\t\n\t\t\t\t<div id=\"ngg-image-4\" class=\"ngg-gallery-thumbnail-box \n\t\t\t\t\t\t\t\t\t\t\t\" \n\t\t\t>\n\t\t\t\t\t\t<div class=\"ngg-gallery-thumbnail\">\n\t\t\t<a href=\"https:\/\/bdkl.gatomonodesign.com\/wordpress\/wp-content\/gallery\/fotogalerie-1\/Ethnologen.png\"\n\t\t\t\ttitle=\"Aus: Otto B\u00fcrger: Aus den Jagdgr\u00fcnden der Zwielichtw\u00e4lder. Fahrten und Abenteuer eines deutschen Naturforschers zwischen Magdalena und Orinoko. 2. Aufl. Leipzig 1928, vor S. 161.\"\n\t\t\t\tdata-src=\"https:\/\/bdkl.gatomonodesign.com\/wordpress\/wp-content\/gallery\/fotogalerie-1\/Ethnologen.png\"\n\t\t\t\tdata-thumbnail=\"https:\/\/bdkl.gatomonodesign.com\/wordpress\/wp-content\/gallery\/fotogalerie-1\/thumbs\/thumbs_Ethnologen.png\"\n\t\t\t\tdata-image-id=\"4\"\n\t\t\t\tdata-title=\"Deutsche Ethnologen\"\n\t\t\t\tdata-description=\"Aus: Otto B\u00fcrger: Aus den Jagdgr\u00fcnden der Zwielichtw\u00e4lder. Fahrten und Abenteuer eines deutschen Naturforschers zwischen Magdalena und Orinoko. 2. Aufl. Leipzig 1928, vor S. 161.\"\n\t\t\t\tdata-image-slug=\"ethnologen\"\n\t\t\t\tclass=\"ngg-simplelightbox\" rel=\"e8c74c78ff65d556ae6adc975bffbfdf\">\n\t\t\t\t<img\n\t\t\t\t\ttitle=\"Deutsche Ethnologen\"\n\t\t\t\t\talt=\"Deutsche Ethnologen\"\n\t\t\t\t\tsrc=\"https:\/\/bdkl.gatomonodesign.com\/wordpress\/wp-content\/gallery\/fotogalerie-1\/thumbs\/thumbs_Ethnologen.png\"\n\t\t\t\t\twidth=\"240\"\n\t\t\t\t\theight=\"160\"\n\t\t\t\t\tstyle=\"max-width:100%;\"\n\t\t\t\t\/>\n\t\t\t<\/a>\n\t\t<\/div>\n\t\t\t\t\t\t\t<\/div> \n\t\t\t\n\t\t\t\t<div id=\"ngg-image-5\" class=\"ngg-gallery-thumbnail-box \n\t\t\t\t\t\t\t\t\t\t\t\" \n\t\t\t>\n\t\t\t\t\t\t<div class=\"ngg-gallery-thumbnail\">\n\t\t\t<a href=\"https:\/\/bdkl.gatomonodesign.com\/wordpress\/wp-content\/gallery\/fotogalerie-1\/Orchideenja%CC%88ger.png\"\n\t\t\t\ttitle=\"Ser casador de orqu\u00eddeas en Colombia era un negocio rentable pero tambi\u00e9n duro y destructor; y con mucha competencia entre pa\u00edses colonialistas. Sobre \u00e9sto Victor Ottmann escribi\u00f3 la novela de aventuras &quot;El casador de orqu\u00eddeas (Der Orchideenj\u00e4ger)&quot;.&#013;\n&#013;\nTexto de la foto: Casadores alemanes de orqu\u00eddeas en Bogot\u00e1 (Colombia), al inicio de una expedici\u00f3n. Las jaulas sirven para el primer transporte de las plantas desde la cordillera hasta el sitio de embalaje.&#013;\n&#013;\nDie Orchideenjagd in Kolumbien war ein eintr\u00e4gliches, aber auch hartes und zerst\u00f6rerisches Gesch\u00e4ft mit kolonialer Konkurrenz. Victor Ottmann hat es in einem Kolportageroman beschrieben.&#013;\n&#013;\nAus: Victor Ottmann: Der Orchideenj\u00e4ger. Erlebnisse und Abenteuer im tropischen Amerika. Mit neun Bildern und einer Karte. Dresden: Verlag Deutsche Buchwerkst\u00e4tten, 1922, nach S. 48.\"\n\t\t\t\tdata-src=\"https:\/\/bdkl.gatomonodesign.com\/wordpress\/wp-content\/gallery\/fotogalerie-1\/Orchideenja%CC%88ger.png\"\n\t\t\t\tdata-thumbnail=\"https:\/\/bdkl.gatomonodesign.com\/wordpress\/wp-content\/gallery\/fotogalerie-1\/thumbs\/thumbs_Orchideenja%CC%88ger.png\"\n\t\t\t\tdata-image-id=\"6\"\n\t\t\t\tdata-title=\"Orchideenja\u0308ger\"\n\t\t\t\tdata-description=\"Ser casador de orqu\u00eddeas en Colombia era un negocio rentable pero tambi\u00e9n duro y destructor; y con mucha competencia entre pa\u00edses colonialistas. Sobre \u00e9sto Victor Ottmann escribi\u00f3 la novela de aventuras &quot;El casador de orqu\u00eddeas (Der Orchideenj\u00e4ger)&quot;.&#013;\n&#013;\nTexto de la foto: Casadores alemanes de orqu\u00eddeas en Bogot\u00e1 (Colombia), al inicio de una expedici\u00f3n. Las jaulas sirven para el primer transporte de las plantas desde la cordillera hasta el sitio de embalaje.&#013;\n&#013;\nDie Orchideenjagd in Kolumbien war ein eintr\u00e4gliches, aber auch hartes und zerst\u00f6rerisches Gesch\u00e4ft mit kolonialer Konkurrenz. Victor Ottmann hat es in einem Kolportageroman beschrieben.&#013;\n&#013;\nAus: Victor Ottmann: Der Orchideenj\u00e4ger. Erlebnisse und Abenteuer im tropischen Amerika. Mit neun Bildern und einer Karte. Dresden: Verlag Deutsche Buchwerkst\u00e4tten, 1922, nach S. 48.\"\n\t\t\t\tdata-image-slug=\"orchideenja%cc%88ger\"\n\t\t\t\tclass=\"ngg-simplelightbox\" rel=\"e8c74c78ff65d556ae6adc975bffbfdf\">\n\t\t\t\t<img\n\t\t\t\t\ttitle=\"Orchideenja\u0308ger\"\n\t\t\t\t\talt=\"Orchideenja\u0308ger\"\n\t\t\t\t\tsrc=\"https:\/\/bdkl.gatomonodesign.com\/wordpress\/wp-content\/gallery\/fotogalerie-1\/thumbs\/thumbs_Orchideenja%CC%88ger.png\"\n\t\t\t\t\twidth=\"240\"\n\t\t\t\t\theight=\"160\"\n\t\t\t\t\tstyle=\"max-width:100%;\"\n\t\t\t\t\/>\n\t\t\t<\/a>\n\t\t<\/div>\n\t\t\t\t\t\t\t<\/div> \n\t\t\t\n\t\t\t\t<div id=\"ngg-image-6\" class=\"ngg-gallery-thumbnail-box \n\t\t\t\t\t\t\t\t\t\t\t\" \n\t\t\t>\n\t\t\t\t\t\t<div class=\"ngg-gallery-thumbnail\">\n\t\t\t<a href=\"https:\/\/bdkl.gatomonodesign.com\/wordpress\/wp-content\/gallery\/fotogalerie-1\/Paul-Beer.png\"\n\t\t\t\ttitle=\"Cover: Juan Pablo Fajardo u. Andr\u00e9s Fresnada (Hg.): Paul Beer. Bogot\u00e1: la silueta ediciones, 2009.\"\n\t\t\t\tdata-src=\"https:\/\/bdkl.gatomonodesign.com\/wordpress\/wp-content\/gallery\/fotogalerie-1\/Paul-Beer.png\"\n\t\t\t\tdata-thumbnail=\"https:\/\/bdkl.gatomonodesign.com\/wordpress\/wp-content\/gallery\/fotogalerie-1\/thumbs\/thumbs_Paul-Beer.png\"\n\t\t\t\tdata-image-id=\"7\"\n\t\t\t\tdata-title=\"Paul Beer\"\n\t\t\t\tdata-description=\"Cover: Juan Pablo Fajardo u. Andr\u00e9s Fresnada (Hg.): Paul Beer. Bogot\u00e1: la silueta ediciones, 2009.\"\n\t\t\t\tdata-image-slug=\"paul-beer\"\n\t\t\t\tclass=\"ngg-simplelightbox\" rel=\"e8c74c78ff65d556ae6adc975bffbfdf\">\n\t\t\t\t<img\n\t\t\t\t\ttitle=\"Paul Beer\"\n\t\t\t\t\talt=\"Paul Beer\"\n\t\t\t\t\tsrc=\"https:\/\/bdkl.gatomonodesign.com\/wordpress\/wp-content\/gallery\/fotogalerie-1\/thumbs\/thumbs_Paul-Beer.png\"\n\t\t\t\t\twidth=\"240\"\n\t\t\t\t\theight=\"160\"\n\t\t\t\t\tstyle=\"max-width:100%;\"\n\t\t\t\t\/>\n\t\t\t<\/a>\n\t\t<\/div>\n\t\t\t\t\t\t\t<\/div> \n\t\t\t\n\t\t\t\t<div id=\"ngg-image-7\" class=\"ngg-gallery-thumbnail-box \n\t\t\t\t\t\t\t\t\t\t\t\" \n\t\t\t>\n\t\t\t\t\t\t<div class=\"ngg-gallery-thumbnail\">\n\t\t\t<a href=\"https:\/\/bdkl.gatomonodesign.com\/wordpress\/wp-content\/gallery\/fotogalerie-1\/Roethlisberger.png\"\n\t\t\t\ttitle=\"Cover: Ernst R\u00f6thlisberger: El Dorado. Reise- und Kulturbilder aus dem s\u00fcdamerikanischen Columbien. 2., durchges. u. von Manuel, Walter u. Bianca R\u00f6thlisberger verm. Aufl. Stuttgart: Strecker &amp; Schr\u00f6der, 1929.\"\n\t\t\t\tdata-src=\"https:\/\/bdkl.gatomonodesign.com\/wordpress\/wp-content\/gallery\/fotogalerie-1\/Roethlisberger.png\"\n\t\t\t\tdata-thumbnail=\"https:\/\/bdkl.gatomonodesign.com\/wordpress\/wp-content\/gallery\/fotogalerie-1\/thumbs\/thumbs_Roethlisberger.png\"\n\t\t\t\tdata-image-id=\"10\"\n\t\t\t\tdata-title=\"R\u00f6thlisberger\"\n\t\t\t\tdata-description=\"Cover: Ernst R\u00f6thlisberger: El Dorado. Reise- und Kulturbilder aus dem s\u00fcdamerikanischen Columbien. 2., durchges. u. von Manuel, Walter u. Bianca R\u00f6thlisberger verm. Aufl. Stuttgart: Strecker &amp; Schr\u00f6der, 1929.\"\n\t\t\t\tdata-image-slug=\"roethlisberger\"\n\t\t\t\tclass=\"ngg-simplelightbox\" rel=\"e8c74c78ff65d556ae6adc975bffbfdf\">\n\t\t\t\t<img\n\t\t\t\t\ttitle=\"R\u00f6thlisberger\"\n\t\t\t\t\talt=\"R\u00f6thlisberger\"\n\t\t\t\t\tsrc=\"https:\/\/bdkl.gatomonodesign.com\/wordpress\/wp-content\/gallery\/fotogalerie-1\/thumbs\/thumbs_Roethlisberger.png\"\n\t\t\t\t\twidth=\"240\"\n\t\t\t\t\theight=\"160\"\n\t\t\t\t\tstyle=\"max-width:100%;\"\n\t\t\t\t\/>\n\t\t\t<\/a>\n\t\t<\/div>\n\t\t\t\t\t\t\t<\/div> \n\t\t\t\n\t\t\t\t<div id=\"ngg-image-8\" class=\"ngg-gallery-thumbnail-box \n\t\t\t\t\t\t\t\t\t\t\t\" \n\t\t\t>\n\t\t\t\t\t\t<div class=\"ngg-gallery-thumbnail\">\n\t\t\t<a href=\"https:\/\/bdkl.gatomonodesign.com\/wordpress\/wp-content\/gallery\/fotogalerie-1\/Schreiter-Schwarzenfeld.png\"\n\t\t\t\ttitle=\"Gertrude Schreitter-Schwarzenfelds Reiseerinnerungen \u00bbFernes Land\u00ab geh\u00f6ren unter die literarisch besonders wertvollen Reiseb\u00fccher der deutschsprachigen Kolumbien-Literatur. Als Gattin eines brasilianischen Diplomaten hatte sie die Jahre von 1933 bis 1937 in Bogot\u00e1 verbracht und aus der Ferne mit ansehen m\u00fcssen, wie Europa unterging. Der Titel \u203aFernes Land\u2039 bezeichnet daher nicht nur Kolumbien, sondern zunehmend auch die europ\u00e4ische Heimat.&#013;\n&#013;\nZeichnung der Verfasserin. Aus: Fernes Land. Bilder aus Columbien. Prag 1938, S. 82.\"\n\t\t\t\tdata-src=\"https:\/\/bdkl.gatomonodesign.com\/wordpress\/wp-content\/gallery\/fotogalerie-1\/Schreiter-Schwarzenfeld.png\"\n\t\t\t\tdata-thumbnail=\"https:\/\/bdkl.gatomonodesign.com\/wordpress\/wp-content\/gallery\/fotogalerie-1\/thumbs\/thumbs_Schreiter-Schwarzenfeld.png\"\n\t\t\t\tdata-image-id=\"11\"\n\t\t\t\tdata-title=\"Zeichnung von Gertrude Schreiter-Schwarzenfeld\"\n\t\t\t\tdata-description=\"Gertrude Schreitter-Schwarzenfelds Reiseerinnerungen \u00bbFernes Land\u00ab geh\u00f6ren unter die literarisch besonders wertvollen Reiseb\u00fccher der deutschsprachigen Kolumbien-Literatur. Als Gattin eines brasilianischen Diplomaten hatte sie die Jahre von 1933 bis 1937 in Bogot\u00e1 verbracht und aus der Ferne mit ansehen m\u00fcssen, wie Europa unterging. Der Titel \u203aFernes Land\u2039 bezeichnet daher nicht nur Kolumbien, sondern zunehmend auch die europ\u00e4ische Heimat.&#013;\n&#013;\nZeichnung der Verfasserin. Aus: Fernes Land. Bilder aus Columbien. Prag 1938, S. 82.\"\n\t\t\t\tdata-image-slug=\"schreiter-schwarzenfeld\"\n\t\t\t\tclass=\"ngg-simplelightbox\" rel=\"e8c74c78ff65d556ae6adc975bffbfdf\">\n\t\t\t\t<img\n\t\t\t\t\ttitle=\"Zeichnung von Gertrude Schreiter-Schwarzenfeld\"\n\t\t\t\t\talt=\"Zeichnung von Gertrude Schreiter-Schwarzenfeld\"\n\t\t\t\t\tsrc=\"https:\/\/bdkl.gatomonodesign.com\/wordpress\/wp-content\/gallery\/fotogalerie-1\/thumbs\/thumbs_Schreiter-Schwarzenfeld.png\"\n\t\t\t\t\twidth=\"240\"\n\t\t\t\t\theight=\"160\"\n\t\t\t\t\tstyle=\"max-width:100%;\"\n\t\t\t\t\/>\n\t\t\t<\/a>\n\t\t<\/div>\n\t\t\t\t\t\t\t<\/div> \n\t\t\t\n\t\t\t\t<div id=\"ngg-image-9\" class=\"ngg-gallery-thumbnail-box \n\t\t\t\t\t\t\t\t\t\t\t\" \n\t\t\t>\n\t\t\t\t\t\t<div class=\"ngg-gallery-thumbnail\">\n\t\t\t<a href=\"https:\/\/bdkl.gatomonodesign.com\/wordpress\/wp-content\/gallery\/fotogalerie-1\/Erich-Arendt.png\"\n\t\t\t\ttitle=\"Cover: Erich Arendt: Tol\u00fa. Gedichte aus Kolumbien. Leipzig: Insel, 1956.\"\n\t\t\t\tdata-src=\"https:\/\/bdkl.gatomonodesign.com\/wordpress\/wp-content\/gallery\/fotogalerie-1\/Erich-Arendt.png\"\n\t\t\t\tdata-thumbnail=\"https:\/\/bdkl.gatomonodesign.com\/wordpress\/wp-content\/gallery\/fotogalerie-1\/thumbs\/thumbs_Erich-Arendt.png\"\n\t\t\t\tdata-image-id=\"3\"\n\t\t\t\tdata-title=\"Erich Arendt: Tol\u00fa\"\n\t\t\t\tdata-description=\"Cover: Erich Arendt: Tol\u00fa. Gedichte aus Kolumbien. Leipzig: Insel, 1956.\"\n\t\t\t\tdata-image-slug=\"erich-arendt\"\n\t\t\t\tclass=\"ngg-simplelightbox\" rel=\"e8c74c78ff65d556ae6adc975bffbfdf\">\n\t\t\t\t<img\n\t\t\t\t\ttitle=\"Erich Arendt: Tol\u00fa\"\n\t\t\t\t\talt=\"Erich Arendt: Tol\u00fa\"\n\t\t\t\t\tsrc=\"https:\/\/bdkl.gatomonodesign.com\/wordpress\/wp-content\/gallery\/fotogalerie-1\/thumbs\/thumbs_Erich-Arendt.png\"\n\t\t\t\t\twidth=\"240\"\n\t\t\t\t\theight=\"160\"\n\t\t\t\t\tstyle=\"max-width:100%;\"\n\t\t\t\t\/>\n\t\t\t<\/a>\n\t\t<\/div>\n\t\t\t\t\t\t\t<\/div> \n\t\t\t\n\t\n\t<br style=\"clear: both\" \/>\n\n\t\n\t\t<!-- Pagination -->\n\t\t<div class='ngg-clear'><\/div>\t<\/div>\n\n","protected":false},"excerpt":{"rendered":"","protected":false},"author":1,"featured_media":0,"parent":0,"menu_order":0,"comment_status":"closed","ping_status":"closed","template":"","meta":{"ngg_post_thumbnail":0,"spay_email":""},"_links":{"self":[{"href":"https:\/\/bdkl.gatomonodesign.com\/wordpress\/index.php?rest_route=\/wp\/v2\/pages\/89"}],"collection":[{"href":"https:\/\/bdkl.gatomonodesign.com\/wordpress\/index.php?rest_route=\/wp\/v2\/pages"}],"about":[{"href":"https:\/\/bdkl.gatomonodesign.com\/wordpress\/index.php?rest_route=\/wp\/v2\/types\/page"}],"author":[{"embeddable":true,"href":"https:\/\/bdkl.gatomonodesign.com\/wordpress\/index.php?rest_route=\/wp\/v2\/users\/1"}],"replies":[{"embeddable":true,"href":"https:\/\/bdkl.gatomonodesign.com\/wordpress\/index.php?rest_route=%2Fwp%2Fv2%2Fcomments&post=89"}],"version-history":[{"count":13,"href":"https:\/\/bdkl.gatomonodesign.com\/wordpress\/index.php?rest_route=\/wp\/v2\/pages\/89\/revisions"}],"predecessor-version":[{"id":151,"href":"https:\/\/bdkl.gatomonodesign.com\/wordpress\/index.php?rest_route=\/wp\/v2\/pages\/89\/revisions\/151"}],"wp:attachment":[{"href":"https:\/\/bdkl.gatomonodesign.com\/wordpress\/index.php?rest_route=%2Fwp%2Fv2%2Fmedia&parent=89"}],"curies":[{"name":"wp","href":"https:\/\/api.w.org\/{rel}","templated":true}]}}